{"id":442,"date":"2025-05-19T15:47:05","date_gmt":"2025-05-19T15:47:05","guid":{"rendered":"https:\/\/giess-engineering.com\/?page_id=442"},"modified":"2026-02-09T07:53:34","modified_gmt":"2026-02-09T07:53:34","slug":"referenzen","status":"publish","type":"page","link":"https:\/\/giess-engineering.com\/?page_id=442","title":{"rendered":"Referenzen"},"content":{"rendered":"\n<p class=\"has-medium-font-size\"><mark style=\"background-color:#ffffff\" class=\"has-inline-color\">TRAINING:<\/mark><\/p>\n\n\n\n<ul class=\"wp-block-list\">\n<li><strong>Dr. Gie\u00df Engineering:<\/strong> Zahlreiche individuelle Coachings zum Bestehen der IHK-Pr\u00fcfung \u201eNaturwissenschaftliche und technische Gesetzm\u00e4\u00dfigkeiten (NTG)\u201c f\u00fcr Gepr\u00fcfte Logistikmeister (IHK), Gepr\u00fcfte Industriemeister (IHK) und Gepr\u00fcfte Technische Fachwirte (IHK)<\/li>\n\n\n\n<li><strong>Fachhochschule S\u00fcdwestfalen, L\u00fcdenscheid: <\/strong> Lehrauftr\u00e4ge \u201eFertigungsverfahren Zerspanen 1\u201c<\/li>\n\n\n\n<li><strong>Hochschule Hamm-Lippstadt, Hamm: <\/strong>Lehrauftr\u00e4ge \u201eKonstruieren mit Kunststoffen\u201c<\/li>\n\n\n\n<li><strong>IHK Dortmund: <\/strong>Ehrenamtliche T\u00e4tigkeit als Pr\u00fcfer im Pr\u00fcfungsausschuss &#8220;Industriemeister Metall&#8221;<\/li>\n\n\n\n<li><strong>manQ Akademie GmbH &amp; Co KG, Hofgeismar:<\/strong> IHK-Meisterkurse \u201eMathematik-Vorkurs\u201c, \u201eNaturwissenschaftliche und technische Gesetzm\u00e4\u00dfigkeiten (NTG)\u201c f\u00fcr Gepr\u00fcfte Logistikmeister (IHK) und Gepr\u00fcfte Industriemeister (IHK)<\/li>\n\n\n\n<li><strong>ProMeister Akademie, Bochum:<\/strong> IHK-Pr\u00fcfungsvorbereitungskurse \u201eNaturwissenschaftliche und technische Gesetzm\u00e4\u00dfigkeiten (NTG)&#8221; f\u00fcr Gepr\u00fcfte Industriemeister (IHK)<\/li>\n\n\n\n<li><strong>SBH West GmbH, Gelsenkirchen:<\/strong> IHK-Meisterkurse \u201eNaturwissenschaftliche und technische Gesetzm\u00e4\u00dfigkeiten (NTG)\u201c f\u00fcr Gepr\u00fcfte Industriemeister (IHK); \u201eBetriebstechnik\u201c, \u201eProduktionsprozesse\u201c f\u00fcr Gepr\u00fcfte Industriemeister Kunststoff und Kautschuk (IHK)<\/li>\n\n\n\n<li><strong>SIHK zu Hagen<\/strong>: IHK-Meisterkurse \u201eMathematik-Vorkurs\u201c, \u201eNaturwissenschaftliche und technische Gesetzm\u00e4\u00dfigkeiten (NTG)\u201c; \u201eBetriebstechnik\u201c, \u201eFertigungstechnik\u201c, \u201eMontagetechnik\u201c f\u00fcr Gepr\u00fcfte Industriemeister Metall (IHK)<\/li>\n\n\n\n<li><strong>Windm\u00f6ller &amp; H\u00f6lscher KG, Lengerich:<\/strong> Interne Firmenschulungen<\/li>\n<\/ul>\n\n\n\n<hr class=\"wp-block-separator has-alpha-channel-opacity\"\/>\n\n\n\n<p class=\"has-medium-font-size\">BERATUNG:<\/p>\n\n\n<ul>\n<li><strong>acs<\/strong> &#8211; Automotive Center S\u00fcdwestfalen GmbH, Attendorn<\/li>\n<li><strong>Berker<\/strong> GmbH &amp; Co KG (Hager Group), Schalksm\u00fchle<\/li>\n<li><strong>DURA<\/strong> Automotive Body &amp; Glass Systems GmbH, Plettenberg<\/li>\n<li><strong>EBG<\/strong> Schr\u00f6der Kunststofftechnik GmbH, Kierspe<\/li>\n<li><strong>Inspection Services<\/strong>, Berlin<br \/>\n\n\n<hr class=\"wp-block-separator has-alpha-channel-opacity\"\/>\n\n\n\n\n\n<p class=\"has-medium-font-size\"><mark style=\"background-color:#ffffff\" class=\"has-inline-color\">PROJEKTE &#8211; Fachb\u00fccher und Manuskripte:<\/mark><\/p>\n\n\n\n<p>Gie\u00df, M.: <a href=\"https:\/\/www.dihk-bildungs-gmbh.de\/weiterbildung\/lernmaterial\/text-und-uebungsbaende\"><strong>IHK-Textband<\/strong> <strong>Produktionsprozesse<\/strong> <\/a>f\u00fcr Gepr\u00fcfte Industriemeister Kunststoff und Kautschuk. DIHK-Bildungs-gGmbH, Bonn. Auflage 2026. IHK Bestell-Nr.: 505\/07.<\/p>\n\n\n\n<p>Gie\u00df, M.: <a href=\"https:\/\/www.dihk-bildungs-gmbh.de\/weiterbildung\/lernmaterial\/text-und-uebungsbaende\"><strong>IHK-Textband<\/strong> <strong>Naturwissenschaftliche und technische Gesetzm\u00e4\u00dfigkeiten (NTG)<\/strong> <\/a>f\u00fcr Gepr\u00fcfte Technische Fachwirte. DIHK-Bildungs-gGmbH, Bonn. Auflage 2025. IHK Bestell-Nr.: 156\/07-E.<\/p>\n\n\n\n<p>Gie\u00df, M.: <a href=\"https:\/\/www.dihk-bildungs-gmbh.de\/weiterbildung\/lernmaterial\/text-und-uebungsbaende\"><strong>IHK-\u00dcbungsband<\/strong> <strong>Naturwissenschaftliche und technische Gesetzm\u00e4\u00dfigkeiten (NTG)<\/strong><\/a> f\u00fcr Gepr\u00fcfte Industriemeister \/ Gepr\u00fcfte Logistikmeister. DIHK-Bildungs-gGmbH, Bonn. Auflage 2025. IHK Bestell-Nr.: \u00dc510\/05-E.<\/p>\n\n\n\n<p>Gie\u00df, M.: <a href=\"https:\/\/www.dihk-bildungs-gmbh.de\/weiterbildung\/lernmaterial\/text-und-uebungsbaende\"><strong>IHK-Textband<\/strong> <strong>Naturwissenschaftliche und technische Gesetzm\u00e4\u00dfigkeiten (NTG)<\/strong> <\/a>f\u00fcr Gepr\u00fcfte Industriemeister \/ Gepr\u00fcfte Logistikmeister. DIHK-Bildungs-gGmbH, Bonn. Auflage 2025. IHK Bestell-Nr.: 510\/05-G.<\/p>\n\n\n\n<p>Gie\u00df, M.:&nbsp;<a href=\"https:\/\/www.dihk-bildung.shop\/weiterbildung\/pruefungsvorbereitung\/grundlagen-und-nachschlagewerke\/6328\/ntg-meistern?c=414\" target=\"_blank\" rel=\"noreferrer noopener\"><strong>NTG meistern<\/strong><\/a>. Ein Lehr- und \u00dcbungsbuch zur Vorbereitung auf die IHK-Pr\u00fcfung f\u00fcr Industrie- und Logistikmeister. DIHK-Bildungs-gGmbH, Bonn. Neu \u00fcberarbeitete Auflage 2024. IHK Best.-Nr. 230\/01-A<\/p>\n\n\n\n<p>Gie\u00df, M.: <a href=\"https:\/\/www.dihk-bildung.shop\/weiterbildung\/pruefungsvorbereitung\/grundlagen-und-nachschlagewerke\/5963\/ntg-kompakt\" target=\"_blank\" rel=\"noreferrer noopener\"><strong>NTG kompa<\/strong><\/a><a href=\"https:\/\/www.dihk-bildung.shop\/weiterbildung\/pruefungsvorbereitung\/grundlagen-und-nachschlagewerke\/5963\/ntg-kompakt\"><strong>kt<\/strong><\/a>. Zur Vorbereitung auf die IHK-Pr\u00fcfung. DIHK-Bildungs-gGmbH, Bonn. Auflage 2024. IHK Best.-Nr. 210\/05-B.<\/p>\n\n\n\n<p>Gie\u00df, M.: <strong>Konstruieren mit Kunststoffen<\/strong>. Lehrbrief f\u00fcr den Verbundstudiengang Kunststofftechnik der FH SWF. Institut f\u00fcr Verbundstudien IfV NRW, Hagen, 2023.<\/p>\n\n\n\n<p>Gie\u00df, M.:&nbsp;<a href=\"https:\/\/www.dihk-bildung.shop\/weiterbildung\/pruefungsvorbereitung\/grundlagen-und-nachschlagewerke\/6328\/ntg-meistern?c=414\" target=\"_blank\" rel=\"noreferrer noopener\"><strong>NTG meistern<\/strong><\/a>. Ein Lehr- und \u00dcbungsbuch zur Vorbereitung auf die IHK-Pr\u00fcfung f\u00fcr Industrie- und Logistikmeister. DIHK-Bildungs-gGmbH, Bonn, 2021. IHK Best.-Nr. 230\/01.<\/p>\n\n\n\n<p>Gie\u00df, M.:&nbsp;<a href=\"https:\/\/www.shaker.de\/de\/content\/catalogue\/index.asp?lang=de&amp;ID=8&amp;ISBN=978-3-8440-6417-9&amp;search=yes\" target=\"_blank\" rel=\"noreferrer noopener\"><strong>Untersuchungen zur akustischen Formteilauslegung<\/strong>.<\/a>&nbsp;Shaker Verlag, Aachen, 2019. ISBN 978-3844064179<\/p>\n\n\n\n<p>Gie\u00df, M.: <strong>Fertigungsverfahren im Werkzeug- und Formenbau<\/strong>. Lehrbrief f\u00fcr den Verbundstudiengang Kunststofftechnik der FH SWF. Institut f\u00fcr Verbundstudien IfV NRW, Hagen, 2015.<\/p>\n","protected":false},"excerpt":{"rendered":"<p>TRAINING: BERATUNG: acs &#8211; Automotive Center S\u00fcdwestfalen GmbH, Attendorn Berker GmbH &amp; Co KG (Hager Group), Schalksm\u00fchle DURA Automotive Body &amp; Glass Systems GmbH, Plettenberg EBG Schr\u00f6der Kunststofftechnik GmbH, Kierspe Inspection Services, Berlin PROJEKTE &#8211; Fachb\u00fccher und Manuskripte: Gie\u00df, M.: IHK-Textband Produktionsprozesse f\u00fcr Gepr\u00fcfte Industriemeister Kunststoff und Kautschuk. DIHK-Bildungs-gGmbH, Bonn. Auflage 2026. IHK Bestell-Nr.: 505\/07. &hellip; <\/p>\n<p class=\"link-more\"><a href=\"https:\/\/giess-engineering.com\/?page_id=442\" class=\"more-link\"><span class=\"screen-reader-text\">\u201eReferenzen\u201c <\/span>weiterlesen<\/a><\/p>\n","protected":false},"author":1,"featured_media":0,"parent":0,"menu_order":0,"comment_status":"closed","ping_status":"closed","template":"","meta":{"footnotes":""},"class_list":["post-442","page","type-page","status-publish","hentry"],"_links":{"self":[{"href":"https:\/\/giess-engineering.com\/index.php?rest_route=\/wp\/v2\/pages\/442","targetHints":{"allow":["GET"]}}],"collection":[{"href":"https:\/\/giess-engineering.com\/index.php?rest_route=\/wp\/v2\/pages"}],"about":[{"href":"https:\/\/giess-engineering.com\/index.php?rest_route=\/wp\/v2\/types\/page"}],"author":[{"embeddable":true,"href":"https:\/\/giess-engineering.com\/index.php?rest_route=\/wp\/v2\/users\/1"}],"replies":[{"embeddable":true,"href":"https:\/\/giess-engineering.com\/index.php?rest_route=%2Fwp%2Fv2%2Fcomments&post=442"}],"version-history":[{"count":46,"href":"https:\/\/giess-engineering.com\/index.php?rest_route=\/wp\/v2\/pages\/442\/revisions"}],"predecessor-version":[{"id":601,"href":"https:\/\/giess-engineering.com\/index.php?rest_route=\/wp\/v2\/pages\/442\/revisions\/601"}],"wp:attachment":[{"href":"https:\/\/giess-engineering.com\/index.php?rest_route=%2Fwp%2Fv2%2Fmedia&parent=442"}],"curies":[{"name":"wp","href":"https:\/\/api.w.org\/{rel}","templated":true}]}}