{"id":452,"date":"2025-05-19T15:29:06","date_gmt":"2025-05-19T15:29:06","guid":{"rendered":"https:\/\/giess-engineering.com\/?page_id=452"},"modified":"2026-02-09T08:04:03","modified_gmt":"2026-02-09T08:04:03","slug":"leistungsspektrum","status":"publish","type":"page","link":"https:\/\/giess-engineering.com\/?page_id=452","title":{"rendered":"Leistungs\u00fcbersicht"},"content":{"rendered":"\n<p class=\"has-medium-font-size\"><mark style=\"background-color:#ffffff\" class=\"has-inline-color\">TRAINING<\/mark><em><mark style=\"background-color:#ffffff\" class=\"has-inline-color\">:<\/mark><\/em><\/p>\n\n\n\n<p><strong>Workshops, Seminare, Webinare<\/strong> und <strong>Coachings<\/strong>. Didaktisch aufbereitet und professionell durchgef\u00fchrt. Themenschwerpunkte:<\/p>\n\n\n\n<p><strong>IHK-Trainings<\/strong><\/p>\n\n\n\n<p>Praxisnaher, pr\u00fcfungsrelevanter Technikunterricht f\u00fcr die Industriemeister-Weiterbildung \u2013 verst\u00e4ndlich, strukturiert und am IHK-Rahmenplan orientiert.<\/p>\n\n\n\n<ul class=\"wp-block-list\">\n<li>Intensiv- und Pr\u00fcfungsvorbereitungskurse mit meinem Lehrbuch <strong><a href=\"https:\/\/www.dihk-bildung.shop\/weiterbildung\/pruefungsvorbereitung\/grundlagen-und-nachschlagewerke\/8067\/ntg-meistern\" target=\"_blank\" rel=\"noreferrer noopener\">NTG MEISTERN<\/a><\/strong><\/li>\n\n\n\n<li>IHK-Kurse &#8220;<strong>Naturwissenschaftliche und technische Gesetzm\u00e4\u00dfigkeiten (NTG)<\/strong>&#8221; f\u00fcr Gepr\u00fcfte Industriemeister (IHK) und Gepr\u00fcfte Logistikmeister (IHK)<\/li>\n\n\n\n<li>IHK-Kurse &#8220;<strong>Betriebstechnik<\/strong>&#8221; , &#8220;<strong>Fertigungstechnik<\/strong>&#8221; und &#8220;<strong>Montagetechnik<\/strong>&#8221; f\u00fcr Gepr\u00fcfte Industriemeister Metall (IHK)<\/li>\n\n\n\n<li>IHK-Kurse &#8220;<strong>Produktionsprozesse<\/strong>&#8221; und &#8220;<strong>Betriebstechnik<\/strong>&#8221; f\u00fcr Gepr\u00fcfte Industriemeister Kunststoff &amp; Kautschuk (IHK)<\/li>\n\n\n\n<li>Firmenindividuelle Inhouse-Schulungen  z.B. &#8220;<strong>Montagetechnik f\u00fcr Servicetechniker<\/strong>&#8221; nach IHK-Standards<\/li>\n\n\n\n<li><strong>Vorbereitungskurse<\/strong> auf <strong>m\u00fcndliche<\/strong> <strong>Erg\u00e4nzungspr\u00fcfungen<\/strong> und auf das <strong>Fachgespr\u00e4ch<\/strong> f\u00fcr Gepr\u00fcfte Industriemeister (IHK)<\/li>\n<\/ul>\n\n\n\n<p><strong>Software-Trainings<\/strong><\/p>\n\n\n\n<ul class=\"wp-block-list\">\n<li>Effektive Pr\u00fcfungsvorbereitung mit <strong><a href=\"https:\/\/giess-engineering.com\/?page_id=456\" data-type=\"page\" data-id=\"456\">EVERNOTE<\/a><\/strong><\/li>\n\n\n\n<li>Produktives Arbeiten mit <strong>Evernote<\/strong><\/li>\n\n\n\n<li>Projektmanagement mit <strong>Microsoft Project<\/strong><\/li>\n\n\n\n<li>Kunststoffgerechtes Konstruieren mit <strong>Autodesk Moldflow<\/strong><\/li>\n\n\n\n<li>Konstruktion von Spritzgie\u00dfwerkzeugen mit <strong>Siemens NX Mold Wizard<\/strong><\/li>\n\n\n\n<li>CAD \/ CAM \/ CAE mit <strong>Autodesk Fusion 360<\/strong><\/li>\n\n\n\n<li>Programmieren mit <strong>MATLAB \/ Simulink<\/strong><\/li>\n<\/ul>\n\n\n\n<hr class=\"wp-block-separator has-alpha-channel-opacity\"\/>\n\n\n\n<p class=\"has-medium-font-size\"><mark style=\"background-color:#ffffff\" class=\"has-inline-color has-black-color\">BERATUNG:<\/mark><\/p>\n\n\n\n<p>Technische Beratung f\u00fcr Unternehmen bei Analyse, Bewertung und L\u00f6sungsfindung.<\/p>\n\n\n\n<p><strong>Beratungsdienstleistungen<\/strong>\u00a0f\u00fcr<\/p>\n\n\n\n<ul class=\"wp-block-list\">\n<li>Produkt- und Prozessentwicklungen<\/li>\n\n\n\n<li>CAx-Techniken<\/li>\n\n\n\n<li>Projektmanagement<\/li>\n\n\n\n<li>Digitalisierung<\/li>\n<\/ul>\n\n\n\n<hr class=\"wp-block-separator has-alpha-channel-opacity\"\/>\n\n\n\n<p class=\"has-medium-font-size\"><mark style=\"background-color:#ffffff\" class=\"has-inline-color\">PROJEKTE:<\/mark><\/p>\n\n\n\n<p>Termin-, kosten- und qualit\u00e4tsgerechte <strong>Planung, Durchf\u00fchrung<\/strong> und <strong>Steuerung<\/strong> von kleineren technischen <strong>Projekten<\/strong>:<\/p>\n\n\n\n<ul class=\"wp-block-list\">\n<li>Verfassen von Fachb\u00fcchern und Manuskripten<\/li>\n\n\n\n<li>Fachliche Pr\u00fcfung von Manuskripten<\/li>\n\n\n\n<li>Produktentwicklung \/ Konstruktion<\/li>\n\n\n\n<li>Prozesssimulationen<\/li>\n\n\n\n<li>Reverse Engineering (vom 3D-Scan bis zum 3D-Druck)<\/li>\n\n\n\n<li>Testing von Prototypen und Serienprodukten<\/li>\n<\/ul>\n\n\n\n<p><\/p>\n\n\n\n<p class=\"has-medium-font-size\"><\/p>\n","protected":false},"excerpt":{"rendered":"<p>TRAINING: Workshops, Seminare, Webinare und Coachings. Didaktisch aufbereitet und professionell durchgef\u00fchrt. Themenschwerpunkte: IHK-Trainings Praxisnaher, pr\u00fcfungsrelevanter Technikunterricht f\u00fcr die Industriemeister-Weiterbildung \u2013 verst\u00e4ndlich, strukturiert und am IHK-Rahmenplan orientiert. Software-Trainings BERATUNG: Technische Beratung f\u00fcr Unternehmen bei Analyse, Bewertung und L\u00f6sungsfindung. Beratungsdienstleistungen\u00a0f\u00fcr PROJEKTE: Termin-, kosten- und qualit\u00e4tsgerechte Planung, Durchf\u00fchrung und Steuerung von kleineren technischen Projekten:<\/p>\n","protected":false},"author":1,"featured_media":0,"parent":0,"menu_order":0,"comment_status":"closed","ping_status":"closed","template":"","meta":{"footnotes":""},"class_list":["post-452","page","type-page","status-publish","hentry"],"_links":{"self":[{"href":"https:\/\/giess-engineering.com\/index.php?rest_route=\/wp\/v2\/pages\/452","targetHints":{"allow":["GET"]}}],"collection":[{"href":"https:\/\/giess-engineering.com\/index.php?rest_route=\/wp\/v2\/pages"}],"about":[{"href":"https:\/\/giess-engineering.com\/index.php?rest_route=\/wp\/v2\/types\/page"}],"author":[{"embeddable":true,"href":"https:\/\/giess-engineering.com\/index.php?rest_route=\/wp\/v2\/users\/1"}],"replies":[{"embeddable":true,"href":"https:\/\/giess-engineering.com\/index.php?rest_route=%2Fwp%2Fv2%2Fcomments&post=452"}],"version-history":[{"count":18,"href":"https:\/\/giess-engineering.com\/index.php?rest_route=\/wp\/v2\/pages\/452\/revisions"}],"predecessor-version":[{"id":605,"href":"https:\/\/giess-engineering.com\/index.php?rest_route=\/wp\/v2\/pages\/452\/revisions\/605"}],"wp:attachment":[{"href":"https:\/\/giess-engineering.com\/index.php?rest_route=%2Fwp%2Fv2%2Fmedia&parent=452"}],"curies":[{"name":"wp","href":"https:\/\/api.w.org\/{rel}","templated":true}]}}