{"id":458,"date":"2025-05-19T15:28:08","date_gmt":"2025-05-19T15:28:08","guid":{"rendered":"https:\/\/giess-engineering.com\/?page_id=458"},"modified":"2026-02-09T08:06:59","modified_gmt":"2026-02-09T08:06:59","slug":"kontakt","status":"publish","type":"page","link":"https:\/\/giess-engineering.com\/?page_id=458","title":{"rendered":"Kontakt"},"content":{"rendered":"\n<p>Gerne k\u00f6nnen Sie mir Ihre Anfrage bzgl. Coachings, Trainings oder Projekte an <a href=\"mailto:michael@giess-engineering.com\">michael@giess-engineering.com<\/a> zusenden oder einen R\u00fcckruf vereinbaren. Sie erreichen uns per Telefon oder WhatsApp unter 0157-39068982.<br><br><\/p>\n\n\n\n<p><strong>&nbsp;Dr.-Ing. Michael Gie\u00df<\/strong><\/p>\n\n\n\n<figure class=\"wp-block-image size-large is-resized\"><img loading=\"lazy\" decoding=\"async\" width=\"1024\" height=\"1024\" src=\"https:\/\/giess-engineering.com\/wp-content\/uploads\/2023\/12\/DSC02490-1024x1024.jpg\" alt=\"\" class=\"wp-image-230\" srcset=\"https:\/\/giess-engineering.com\/wp-content\/uploads\/2023\/12\/DSC02490-1024x1024.jpg 1024w, https:\/\/giess-engineering.com\/wp-content\/uploads\/2023\/12\/DSC02490-300x300.jpg 300w, https:\/\/giess-engineering.com\/wp-content\/uploads\/2023\/12\/DSC02490-150x150.jpg 150w, https:\/\/giess-engineering.com\/wp-content\/uploads\/2023\/12\/DSC02490-768x768.jpg 768w, https:\/\/giess-engineering.com\/wp-content\/uploads\/2023\/12\/DSC02490-1536x1536.jpg 1536w, https:\/\/giess-engineering.com\/wp-content\/uploads\/2023\/12\/DSC02490-2048x2048.jpg 2048w, https:\/\/giess-engineering.com\/wp-content\/uploads\/2023\/12\/DSC02490-100x100.jpg 100w\" sizes=\"auto, (max-width: 706px) 89vw, (max-width: 767px) 82vw, 740px\" \/><\/figure>\n\n\n<p><!-- \/wp:post-content --><\/p>\n<p><!-- wp:paragraph --><\/p>\n<p><!-- wp:paragraph --><\/p>\n<p><!-- \/wp:paragraph --><\/p>\n<p><!-- wp:paragraph --><\/p>\n<p>eMail: <a href=\"mailto:michael@giess-engineering.com\">michael@giess-engineering.com<\/a><\/p>\n<p><!-- \/wp:paragraph --><\/p>\n<p><!-- wp:paragraph --><\/p>\n<p><!-- \/wp:paragraph --><\/p>\n<p><!-- \/wp:paragraph --><\/p>\n<p><!-- wp:paragraph --><\/p>\n<p><!-- wp:paragraph --><\/p>\n<p><!-- \/wp:paragraph --><\/p>\n<p><!-- wp:paragraph --><\/p>\n<p>Tel. \/WhatsApp +49 (0) 157 39068982<\/p>\n<p><!-- \/wp:paragraph --><\/p>\n<p><!-- wp:paragraph --><\/p>\n<p>Dr. Michael Gie\u00df auf <a href=\"https:\/\/www.researchgate.net\/profile\/Michael_Giess\" target=\"_blank\" rel=\"noreferrer noopener\" data-type=\"URL\" data-id=\"https:\/\/www.researchgate.net\/profile\/Michael_Giess\"><strong>ResearchGate<\/strong><\/a><\/p>\n<p><!-- \/wp:paragraph --><\/p>\n<p><!-- wp:paragraph --><\/p>\n<p>Dr. Michael Gie\u00df auf <a href=\"http:\/\/www.linkedin.com\/in\/dr-michael-gie\u00df-8619883a\" target=\"_blank\" rel=\"noreferrer noopener\"><strong>LinkedIn<\/strong><\/a><\/p>\n<p><!-- \/wp:paragraph --><\/p>\n<p><!-- wp:paragraph --><\/p>\n<p>Dr. Michael Gie\u00df auf <a href=\"https:\/\/www.xing.com\/profile\/Michael_Giess\/cv\" target=\"_blank\" rel=\"noreferrer noopener\"><strong>XING<\/strong><\/a><\/p>\n<p><!-- \/wp:paragraph --><\/p>\n<p><!-- wp:paragraph --><\/p>\n<p><!-- \/wp:paragraph --><\/p>\n<p><!-- wp:image {\"id\":211,\"className\":\"wp-block-image size-full is-resized\"} --><\/p>\n<figure class=\"wp-block-image size-full is-resized\"><img loading=\"lazy\" decoding=\"async\" class=\"alignnone wp-image-549 size-medium\" src=\"https:\/\/giess-engineering.com\/wp-content\/uploads\/2025\/10\/allelogos-300x198.png\" alt=\"\" width=\"300\" height=\"198\" srcset=\"https:\/\/giess-engineering.com\/wp-content\/uploads\/2025\/10\/allelogos-300x198.png 300w, https:\/\/giess-engineering.com\/wp-content\/uploads\/2025\/10\/allelogos-1024x676.png 1024w, https:\/\/giess-engineering.com\/wp-content\/uploads\/2025\/10\/allelogos-768x507.png 768w, https:\/\/giess-engineering.com\/wp-content\/uploads\/2025\/10\/allelogos.png 1029w\" sizes=\"auto, (max-width: 300px) 100vw, 300px\" \/><\/figure>\n<p><!-- \/wp:image --><\/p>\n<p><!-- wp:paragraph --><\/p>\n<p><!-- \/wp:paragraph --><\/p>\n<p><!-- \/wp:paragraph --><\/p>\n<p><!-- wp:paragraph --><\/p>\n<p><!-- \/wp:paragraph --><\/p>\n<p><!-- wp:paragraph --><\/p>\n<p><!-- \/wp:paragraph --><\/p>","protected":false},"excerpt":{"rendered":"<p>Gerne k\u00f6nnen Sie mir Ihre Anfrage bzgl. Coachings, Trainings oder Projekte an michael@giess-engineering.com zusenden oder einen R\u00fcckruf vereinbaren. Sie erreichen uns per Telefon oder WhatsApp unter 0157-39068982. &nbsp;Dr.-Ing. Michael Gie\u00df eMail: michael@giess-engineering.com Tel. \/WhatsApp +49 (0) 157 39068982 Dr. Michael Gie\u00df auf ResearchGate Dr. Michael Gie\u00df auf LinkedIn Dr. Michael Gie\u00df auf XING<\/p>\n","protected":false},"author":1,"featured_media":0,"parent":0,"menu_order":0,"comment_status":"closed","ping_status":"closed","template":"","meta":{"footnotes":""},"class_list":["post-458","page","type-page","status-publish","hentry"],"_links":{"self":[{"href":"https:\/\/giess-engineering.com\/index.php?rest_route=\/wp\/v2\/pages\/458","targetHints":{"allow":["GET"]}}],"collection":[{"href":"https:\/\/giess-engineering.com\/index.php?rest_route=\/wp\/v2\/pages"}],"about":[{"href":"https:\/\/giess-engineering.com\/index.php?rest_route=\/wp\/v2\/types\/page"}],"author":[{"embeddable":true,"href":"https:\/\/giess-engineering.com\/index.php?rest_route=\/wp\/v2\/users\/1"}],"replies":[{"embeddable":true,"href":"https:\/\/giess-engineering.com\/index.php?rest_route=%2Fwp%2Fv2%2Fcomments&post=458"}],"version-history":[{"count":8,"href":"https:\/\/giess-engineering.com\/index.php?rest_route=\/wp\/v2\/pages\/458\/revisions"}],"predecessor-version":[{"id":606,"href":"https:\/\/giess-engineering.com\/index.php?rest_route=\/wp\/v2\/pages\/458\/revisions\/606"}],"wp:attachment":[{"href":"https:\/\/giess-engineering.com\/index.php?rest_route=%2Fwp%2Fv2%2Fmedia&parent=458"}],"curies":[{"name":"wp","href":"https:\/\/api.w.org\/{rel}","templated":true}]}}