{"id":469,"date":"2025-05-19T15:52:32","date_gmt":"2025-05-19T15:52:32","guid":{"rendered":"https:\/\/giess-engineering.com\/?page_id=469"},"modified":"2026-02-09T08:04:35","modified_gmt":"2026-02-09T08:04:35","slug":"herzlich-willkommen","status":"publish","type":"page","link":"https:\/\/giess-engineering.com\/?page_id=469","title":{"rendered":"Herzlich Willkommen !"},"content":{"rendered":"\n<p id=\"block-1cde8e60-1cd7-4a62-97ce-f3bb3153cf6b\"><strong>Dr. Gie\u00df Engineering<\/strong>\u00a0wurde 2013 gegr\u00fcndet und steht f\u00fcr fundierte technische Weiterbildung, praxisnahe Beratung und die Durchf\u00fchrung kleinerer technischer Projekte.<\/p>\n\n\n\n<p>Ich unterst\u00fctze <strong>Unternehmen<\/strong>\u00a0bei technischen Fragestellungen und Projekten, angehende\u00a0<strong>Industriemeister<\/strong>\u00a0in der technischen Weiterbildung und <strong>Bildungstr\u00e4ger<\/strong>\u00a0als erfahrener Trainer und ehrenamtlicher IHK-Pr\u00fcfer.<\/p>\n\n\n\n<p class=\"has-medium-font-size\" id=\"block-89355e07-96e0-44e6-b911-1ebff835d718\"><strong><a href=\"https:\/\/giess-engineering.com\/?page_id=452\" data-type=\"page\" data-id=\"452\">Leistungs<\/a><\/strong><strong><a href=\"https:\/\/giess-engineering.com\/?page_id=452\" data-type=\"page\" data-id=\"452\">\u00fc<\/a><\/strong><strong><a href=\"https:\/\/giess-engineering.com\/?page_id=452\" data-type=\"page\" data-id=\"452\">b<\/a><\/strong><strong><a href=\"https:\/\/giess-engineering.com\/?page_id=452\" data-type=\"page\" data-id=\"452\">e<\/a><\/strong><strong><a href=\"https:\/\/giess-engineering.com\/?page_id=452\" data-type=\"page\" data-id=\"452\">r<\/a><\/strong><strong><a href=\"https:\/\/giess-engineering.com\/?page_id=452\" data-type=\"page\" data-id=\"452\">s<\/a><\/strong><strong><a href=\"https:\/\/giess-engineering.com\/?page_id=452\" data-type=\"page\" data-id=\"452\">i<\/a><\/strong><strong><a href=\"https:\/\/giess-engineering.com\/?page_id=452\" data-type=\"page\" data-id=\"452\">c<\/a><\/strong><strong><a href=\"https:\/\/giess-engineering.com\/?page_id=452\" data-type=\"page\" data-id=\"452\">h<\/a><\/strong><a href=\"https:\/\/giess-engineering.com\/?page_id=452\" data-type=\"page\" data-id=\"452\"><strong>t<\/strong><\/a><\/p>\n\n\n\n<p class=\"has-medium-font-size\" id=\"block-bab8a256-8d34-4a19-aa74-b7fc409ae6a2\"><a href=\"https:\/\/giess-engineering.com\/?page_id=442\" data-type=\"page\" data-id=\"442\"><strong>Referenzen<\/strong><\/a><\/p>\n\n\n\n<p class=\"has-medium-font-size\" id=\"block-f35ee6ed-c117-4c66-9d3e-60d660388cc5\"><a href=\"https:\/\/giess-engineering.com\/?page_id=458\" data-type=\"page\" data-id=\"458\"><strong>Kontakt<\/strong><\/a><\/p>\n\n\n\n<p><\/p>\n","protected":false},"excerpt":{"rendered":"<p>Dr. Gie\u00df Engineering\u00a0wurde 2013 gegr\u00fcndet und steht f\u00fcr fundierte technische Weiterbildung, praxisnahe Beratung und die Durchf\u00fchrung kleinerer technischer Projekte. Ich unterst\u00fctze Unternehmen\u00a0bei technischen Fragestellungen und Projekten, angehende\u00a0Industriemeister\u00a0in der technischen Weiterbildung und Bildungstr\u00e4ger\u00a0als erfahrener Trainer und ehrenamtlicher IHK-Pr\u00fcfer. Leistungs\u00fcbersicht Referenzen Kontakt<\/p>\n","protected":false},"author":1,"featured_media":0,"parent":0,"menu_order":0,"comment_status":"closed","ping_status":"closed","template":"","meta":{"footnotes":""},"class_list":["post-469","page","type-page","status-publish","hentry"],"_links":{"self":[{"href":"https:\/\/giess-engineering.com\/index.php?rest_route=\/wp\/v2\/pages\/469","targetHints":{"allow":["GET"]}}],"collection":[{"href":"https:\/\/giess-engineering.com\/index.php?rest_route=\/wp\/v2\/pages"}],"about":[{"href":"https:\/\/giess-engineering.com\/index.php?rest_route=\/wp\/v2\/types\/page"}],"author":[{"embeddable":true,"href":"https:\/\/giess-engineering.com\/index.php?rest_route=\/wp\/v2\/users\/1"}],"replies":[{"embeddable":true,"href":"https:\/\/giess-engineering.com\/index.php?rest_route=%2Fwp%2Fv2%2Fcomments&post=469"}],"version-history":[{"count":6,"href":"https:\/\/giess-engineering.com\/index.php?rest_route=\/wp\/v2\/pages\/469\/revisions"}],"predecessor-version":[{"id":603,"href":"https:\/\/giess-engineering.com\/index.php?rest_route=\/wp\/v2\/pages\/469\/revisions\/603"}],"wp:attachment":[{"href":"https:\/\/giess-engineering.com\/index.php?rest_route=%2Fwp%2Fv2%2Fmedia&parent=469"}],"curies":[{"name":"wp","href":"https:\/\/api.w.org\/{rel}","templated":true}]}}